{"id":1789,"date":"2021-08-04T08:05:49","date_gmt":"2021-08-04T11:05:49","guid":{"rendered":"https:\/\/hchornburg.com.br\/?page_id=1789"},"modified":"2022-12-09T10:35:29","modified_gmt":"2022-12-09T13:35:29","slug":"asistencia-es","status":"publish","type":"page","link":"https:\/\/hchornburg.com.br\/blog\/es\/asistencia-es\/","title":{"rendered":"Asistencia (es translation)"},"content":{"rendered":"\t\t<div data-elementor-type=\"wp-page\" data-elementor-id=\"1789\" class=\"elementor elementor-1789\" data-elementor-post-type=\"page\">\n\t\t\t\t\t\t<section class=\"has_ae_slider elementor-section elementor-top-section elementor-element elementor-element-12c6451 elementor-section-height-min-height elementor-section-boxed elementor-section-height-default elementor-section-items-middle ae-bg-gallery-type-default\" data-id=\"12c6451\" data-element_type=\"section\" data-e-type=\"section\" data-settings=\"{&quot;background_background&quot;:&quot;classic&quot;}\">\n\t\t\t\t\t\t\t<div class=\"elementor-background-overlay\"><\/div>\n\t\t\t\t\t\t\t<div class=\"elementor-container elementor-column-gap-default\">\n\t\t\t\t\t<div class=\"has_ae_slider elementor-column elementor-col-100 elementor-top-column elementor-element elementor-element-281e2a7 ae-bg-gallery-type-default\" data-id=\"281e2a7\" data-element_type=\"column\" data-e-type=\"column\">\n\t\t\t<div class=\"elementor-widget-wrap elementor-element-populated\">\n\t\t\t\t\t\t<section class=\"has_ae_slider elementor-section elementor-inner-section elementor-element elementor-element-a932b32 elementor-section-boxed elementor-section-height-default elementor-section-height-default ae-bg-gallery-type-default\" data-id=\"a932b32\" data-element_type=\"section\" data-e-type=\"section\">\n\t\t\t\t\t\t<div class=\"elementor-container elementor-column-gap-default\">\n\t\t\t\t\t<div class=\"has_ae_slider elementor-column elementor-col-50 elementor-inner-column elementor-element elementor-element-615a8bc ae-bg-gallery-type-default\" data-id=\"615a8bc\" data-element_type=\"column\" data-e-type=\"column\">\n\t\t\t<div class=\"elementor-widget-wrap\">\n\t\t\t\t\t\t\t<\/div>\n\t\t<\/div>\n\t\t\t\t<div class=\"has_ae_slider elementor-column elementor-col-50 elementor-inner-column elementor-element elementor-element-ced8b8a ae-bg-gallery-type-default\" data-id=\"ced8b8a\" data-element_type=\"column\" data-e-type=\"column\">\n\t\t\t<div class=\"elementor-widget-wrap elementor-element-populated\">\n\t\t\t\t\t\t<div class=\"elementor-element elementor-element-fec12c6 elementor-widget elementor-widget-heading\" data-id=\"fec12c6\" data-element_type=\"widget\" data-e-type=\"widget\" data-widget_type=\"heading.default\">\n\t\t\t\t<div class=\"elementor-widget-container\">\n\t\t\t\t\t<span class=\"elementor-heading-title elementor-size-default\"><span class=\"avenir-black\">TENEMOS ASISTENCIA,<\/span><br>\nNO IMPORTA LA DISTANCIA<\/span>\t\t\t\t<\/div>\n\t\t\t\t<\/div>\n\t\t\t\t\t<\/div>\n\t\t<\/div>\n\t\t\t\t\t<\/div>\n\t\t<\/section>\n\t\t\t\t\t<\/div>\n\t\t<\/div>\n\t\t\t\t\t<\/div>\n\t\t<\/section>\n\t\t\t\t<section class=\"has_ae_slider elementor-section elementor-top-section elementor-element elementor-element-d6c7d1e elementor-section-boxed elementor-section-height-default elementor-section-height-default ae-bg-gallery-type-default\" data-id=\"d6c7d1e\" data-element_type=\"section\" data-e-type=\"section\" data-settings=\"{&quot;background_background&quot;:&quot;classic&quot;}\">\n\t\t\t\t\t\t<div class=\"elementor-container elementor-column-gap-default\">\n\t\t\t\t\t<div class=\"has_ae_slider elementor-column elementor-col-100 elementor-top-column elementor-element elementor-element-1d58ff1 ae-bg-gallery-type-default\" data-id=\"1d58ff1\" data-element_type=\"column\" data-e-type=\"column\">\n\t\t\t<div class=\"elementor-widget-wrap elementor-element-populated\">\n\t\t\t\t\t\t<section class=\"has_ae_slider elementor-section elementor-inner-section elementor-element elementor-element-584ebb8 elementor-section-height-min-height elementor-section-boxed elementor-section-height-default ae-bg-gallery-type-default\" data-id=\"584ebb8\" data-element_type=\"section\" data-e-type=\"section\" data-settings=\"{&quot;background_background&quot;:&quot;classic&quot;}\">\n\t\t\t\t\t\t<div class=\"elementor-container elementor-column-gap-default\">\n\t\t\t\t\t<div class=\"has_ae_slider elementor-column elementor-col-50 elementor-inner-column elementor-element elementor-element-7342b4d ae-bg-gallery-type-default\" data-id=\"7342b4d\" data-element_type=\"column\" data-e-type=\"column\">\n\t\t\t<div class=\"elementor-widget-wrap elementor-element-populated\">\n\t\t\t\t\t\t<div class=\"elementor-element elementor-element-1d141e6 elementor-widget elementor-widget-text-editor\" data-id=\"1d141e6\" data-element_type=\"widget\" data-e-type=\"widget\" data-widget_type=\"text-editor.default\">\n\t\t\t\t<div class=\"elementor-widget-container\">\n\t\t\t\t\t\t\t\t\t<p>A trav\u00e9s de alianzas, HC Hornburg est\u00e1 presente en varios estados de Brasil y en pa\u00edses de Am\u00e9rica Latina. Este refuerzo afirma a\u00fan m\u00e1s el compromiso de brindar calidad y solidez, independientemente de d\u00f3nde se encuentre el cliente.<\/p>\t\t\t\t\t\t\t\t<\/div>\n\t\t\t\t<\/div>\n\t\t\t\t<div class=\"elementor-element elementor-element-072f18d elementor-widget elementor-widget-heading\" data-id=\"072f18d\" data-element_type=\"widget\" data-e-type=\"widget\" data-widget_type=\"heading.default\">\n\t\t\t\t<div class=\"elementor-widget-container\">\n\t\t\t\t\t<h2 class=\"elementor-heading-title elementor-size-default\">Encontra una<br><span class=\"avenir-black\">Asistencia<br><\/span><\/h2>\t\t\t\t<\/div>\n\t\t\t\t<\/div>\n\t\t\t\t<div class=\"elementor-element elementor-element-e59fc1f elementor-widget elementor-widget-spacer\" data-id=\"e59fc1f\" data-element_type=\"widget\" data-e-type=\"widget\" data-widget_type=\"spacer.default\">\n\t\t\t\t<div class=\"elementor-widget-container\">\n\t\t\t\t\t\t\t<div class=\"elementor-spacer\">\n\t\t\t<div class=\"elementor-spacer-inner\"><\/div>\n\t\t<\/div>\n\t\t\t\t\t\t<\/div>\n\t\t\t\t<\/div>\n\t\t\t\t<div class=\"elementor-element elementor-element-73ca6bf elementor-widget elementor-widget-shortcode\" data-id=\"73ca6bf\" data-element_type=\"widget\" data-e-type=\"widget\" data-widget_type=\"shortcode.default\">\n\t\t\t\t<div class=\"elementor-widget-container\">\n\t\t\t\t\t\t\t<div class=\"elementor-shortcode\"><form id='form-pesquisa' class='form-pesquisa' method='post' action='https:\/\/hchornburg.com.br\/blog\/'><select class='select-asspais' name='select-asspais' >\n        <option value='-1'>Produto<\/option><option value='47'>Carrocerias<\/option><option value='24'>Equipamentos Alaska<\/option><\/select><select class='select-assestados' name='select-assestados' >\n        <option value='-1'>Estado\/Regi\u00e3o<\/option>\n    <\/select><div sytle='float:left;clear:both;'>&nbsp;<\/div><\/form><\/div>\n\t\t\t\t\t\t<\/div>\n\t\t\t\t<\/div>\n\t\t\t\t<div class=\"elementor-element elementor-element-a78559f elementor-widget elementor-widget-html\" data-id=\"a78559f\" data-element_type=\"widget\" data-e-type=\"widget\" data-widget_type=\"html.default\">\n\t\t\t\t<div class=\"elementor-widget-container\">\n\t\t\t\t\t<div id=\"resultados-assistencias\">\n    &nbsp;\n<\/div>\t\t\t\t<\/div>\n\t\t\t\t<\/div>\n\t\t\t\t\t<\/div>\n\t\t<\/div>\n\t\t\t\t<div class=\"has_ae_slider elementor-column elementor-col-50 elementor-inner-column elementor-element elementor-element-c6c70c4 ae-bg-gallery-type-default\" data-id=\"c6c70c4\" data-element_type=\"column\" data-e-type=\"column\">\n\t\t\t<div class=\"elementor-widget-wrap\">\n\t\t\t\t\t\t\t<\/div>\n\t\t<\/div>\n\t\t\t\t\t<\/div>\n\t\t<\/section>\n\t\t\t\t\t<\/div>\n\t\t<\/div>\n\t\t\t\t\t<\/div>\n\t\t<\/section>\n\t\t\t\t<\/div>\n\t\t","protected":false},"excerpt":{"rendered":"<p>TENEMOS ASISTENCIA, NO IMPORTA LA DISTANCIA A trav\u00e9s de alianzas, HC Hornburg est\u00e1 presente en varios estados de Brasil y en pa\u00edses de Am\u00e9rica Latina. Este refuerzo afirma a\u00fan m\u00e1s el compromiso de brindar calidad y solidez, independientemente de d\u00f3nde se encuentre el cliente. Encontra unaAsistencia &nbsp;<\/p>\n","protected":false},"author":2,"featured_media":0,"parent":0,"menu_order":0,"comment_status":"closed","ping_status":"closed","template":"page-templates\/template-pagebuilder-full-width.php","meta":{"_acf_changed":false,"neve_meta_sidebar":"full-width","neve_meta_container":"","neve_meta_enable_content_width":"on","neve_meta_content_width":100,"neve_meta_title_alignment":"","neve_meta_author_avatar":"","neve_post_elements_order":"","neve_meta_disable_header":"","neve_meta_disable_footer":"","neve_meta_disable_title":"","footnotes":""},"class_list":["post-1789","page","type-page","status-publish","hentry"],"acf":[],"yoast_head":"<!-- This site is optimized with the Yoast SEO plugin v27.4 - https:\/\/yoast.com\/product\/yoast-seo-wordpress\/ -->\n<title>Asistencia (es translation) - HC Hornburg<\/title>\n<meta name=\"robots\" content=\"index, follow, max-snippet:-1, max-image-preview:large, max-video-preview:-1\" \/>\n<link rel=\"canonical\" href=\"https:\/\/hchornburg.com.br\/blog\/es\/asistencia-es\/\" \/>\n<meta property=\"og:locale\" content=\"pt_BR\" \/>\n<meta property=\"og:type\" content=\"article\" \/>\n<meta property=\"og:title\" content=\"Asistencia (es translation) - HC Hornburg\" \/>\n<meta property=\"og:description\" content=\"TENEMOS ASISTENCIA, NO IMPORTA LA DISTANCIA A trav\u00e9s de alianzas, HC Hornburg est\u00e1 presente en varios estados de Brasil y en pa\u00edses de Am\u00e9rica Latina. Este refuerzo afirma a\u00fan m\u00e1s el compromiso de brindar calidad y solidez, independientemente de d\u00f3nde se encuentre el cliente. Encontra unaAsistencia &nbsp;\" \/>\n<meta property=\"og:url\" content=\"https:\/\/hchornburg.com.br\/blog\/es\/asistencia-es\/\" \/>\n<meta property=\"og:site_name\" content=\"HC Hornburg\" \/>\n<meta property=\"article:modified_time\" content=\"2022-12-09T13:35:29+00:00\" \/>\n<meta name=\"twitter:card\" content=\"summary_large_image\" \/>\n<meta name=\"twitter:label1\" content=\"Est. tempo de leitura\" \/>\n\t<meta name=\"twitter:data1\" content=\"1 minuto\" \/>\n<script type=\"application\/ld+json\" class=\"yoast-schema-graph\">{\"@context\":\"https:\\\/\\\/schema.org\",\"@graph\":[{\"@type\":\"WebPage\",\"@id\":\"https:\\\/\\\/hchornburg.com.br\\\/blog\\\/es\\\/asistencia-es\\\/\",\"url\":\"https:\\\/\\\/hchornburg.com.br\\\/blog\\\/es\\\/asistencia-es\\\/\",\"name\":\"Asistencia (es translation) - HC Hornburg\",\"isPartOf\":{\"@id\":\"https:\\\/\\\/hchornburg.com.br\\\/blog\\\/#website\"},\"datePublished\":\"2021-08-04T11:05:49+00:00\",\"dateModified\":\"2022-12-09T13:35:29+00:00\",\"breadcrumb\":{\"@id\":\"https:\\\/\\\/hchornburg.com.br\\\/blog\\\/es\\\/asistencia-es\\\/#breadcrumb\"},\"inLanguage\":\"pt-BR\",\"potentialAction\":[{\"@type\":\"ReadAction\",\"target\":[\"https:\\\/\\\/hchornburg.com.br\\\/blog\\\/es\\\/asistencia-es\\\/\"]}]},{\"@type\":\"BreadcrumbList\",\"@id\":\"https:\\\/\\\/hchornburg.com.br\\\/blog\\\/es\\\/asistencia-es\\\/#breadcrumb\",\"itemListElement\":[{\"@type\":\"ListItem\",\"position\":1,\"name\":\"In\u00edcio\",\"item\":\"https:\\\/\\\/hchornburg.com.br\\\/blog\\\/\"},{\"@type\":\"ListItem\",\"position\":2,\"name\":\"Asistencia (es translation)\"}]},{\"@type\":\"WebSite\",\"@id\":\"https:\\\/\\\/hchornburg.com.br\\\/blog\\\/#website\",\"url\":\"https:\\\/\\\/hchornburg.com.br\\\/blog\\\/\",\"name\":\"HC Hornburg\",\"description\":\"Carrocerias Frigor\u00edficas\",\"potentialAction\":[{\"@type\":\"SearchAction\",\"target\":{\"@type\":\"EntryPoint\",\"urlTemplate\":\"https:\\\/\\\/hchornburg.com.br\\\/blog\\\/?s={search_term_string}\"},\"query-input\":{\"@type\":\"PropertyValueSpecification\",\"valueRequired\":true,\"valueName\":\"search_term_string\"}}],\"inLanguage\":\"pt-BR\"}]}<\/script>\n<!-- \/ Yoast SEO plugin. -->","yoast_head_json":{"title":"Asistencia (es translation) - HC Hornburg","robots":{"index":"index","follow":"follow","max-snippet":"max-snippet:-1","max-image-preview":"max-image-preview:large","max-video-preview":"max-video-preview:-1"},"canonical":"https:\/\/hchornburg.com.br\/blog\/es\/asistencia-es\/","og_locale":"pt_BR","og_type":"article","og_title":"Asistencia (es translation) - HC Hornburg","og_description":"TENEMOS ASISTENCIA, NO IMPORTA LA DISTANCIA A trav\u00e9s de alianzas, HC Hornburg est\u00e1 presente en varios estados de Brasil y en pa\u00edses de Am\u00e9rica Latina. Este refuerzo afirma a\u00fan m\u00e1s el compromiso de brindar calidad y solidez, independientemente de d\u00f3nde se encuentre el cliente. Encontra unaAsistencia &nbsp;","og_url":"https:\/\/hchornburg.com.br\/blog\/es\/asistencia-es\/","og_site_name":"HC Hornburg","article_modified_time":"2022-12-09T13:35:29+00:00","twitter_card":"summary_large_image","twitter_misc":{"Est. tempo de leitura":"1 minuto"},"schema":{"@context":"https:\/\/schema.org","@graph":[{"@type":"WebPage","@id":"https:\/\/hchornburg.com.br\/blog\/es\/asistencia-es\/","url":"https:\/\/hchornburg.com.br\/blog\/es\/asistencia-es\/","name":"Asistencia (es translation) - HC Hornburg","isPartOf":{"@id":"https:\/\/hchornburg.com.br\/blog\/#website"},"datePublished":"2021-08-04T11:05:49+00:00","dateModified":"2022-12-09T13:35:29+00:00","breadcrumb":{"@id":"https:\/\/hchornburg.com.br\/blog\/es\/asistencia-es\/#breadcrumb"},"inLanguage":"pt-BR","potentialAction":[{"@type":"ReadAction","target":["https:\/\/hchornburg.com.br\/blog\/es\/asistencia-es\/"]}]},{"@type":"BreadcrumbList","@id":"https:\/\/hchornburg.com.br\/blog\/es\/asistencia-es\/#breadcrumb","itemListElement":[{"@type":"ListItem","position":1,"name":"In\u00edcio","item":"https:\/\/hchornburg.com.br\/blog\/"},{"@type":"ListItem","position":2,"name":"Asistencia (es translation)"}]},{"@type":"WebSite","@id":"https:\/\/hchornburg.com.br\/blog\/#website","url":"https:\/\/hchornburg.com.br\/blog\/","name":"HC Hornburg","description":"Carrocerias Frigor\u00edficas","potentialAction":[{"@type":"SearchAction","target":{"@type":"EntryPoint","urlTemplate":"https:\/\/hchornburg.com.br\/blog\/?s={search_term_string}"},"query-input":{"@type":"PropertyValueSpecification","valueRequired":true,"valueName":"search_term_string"}}],"inLanguage":"pt-BR"}]}},"_links":{"self":[{"href":"https:\/\/hchornburg.com.br\/blog\/wp-json\/wp\/v2\/pages\/1789","targetHints":{"allow":["GET"]}}],"collection":[{"href":"https:\/\/hchornburg.com.br\/blog\/wp-json\/wp\/v2\/pages"}],"about":[{"href":"https:\/\/hchornburg.com.br\/blog\/wp-json\/wp\/v2\/types\/page"}],"author":[{"embeddable":true,"href":"https:\/\/hchornburg.com.br\/blog\/wp-json\/wp\/v2\/users\/2"}],"replies":[{"embeddable":true,"href":"https:\/\/hchornburg.com.br\/blog\/wp-json\/wp\/v2\/comments?post=1789"}],"version-history":[{"count":4,"href":"https:\/\/hchornburg.com.br\/blog\/wp-json\/wp\/v2\/pages\/1789\/revisions"}],"predecessor-version":[{"id":1796,"href":"https:\/\/hchornburg.com.br\/blog\/wp-json\/wp\/v2\/pages\/1789\/revisions\/1796"}],"wp:attachment":[{"href":"https:\/\/hchornburg.com.br\/blog\/wp-json\/wp\/v2\/media?parent=1789"}],"curies":[{"name":"wp","href":"https:\/\/api.w.org\/{rel}","templated":true}]}}