{"id":1825,"date":"2021-08-04T07:50:43","date_gmt":"2021-08-04T10:50:43","guid":{"rendered":"https:\/\/hchornburg.com.br\/?page_id=1825"},"modified":"2022-12-09T10:41:02","modified_gmt":"2022-12-09T13:41:02","slug":"representantes-es","status":"publish","type":"page","link":"https:\/\/hchornburg.com.br\/blog\/es\/representantes-es\/","title":{"rendered":"Representantes (es translation)"},"content":{"rendered":"\t\t<div data-elementor-type=\"wp-page\" data-elementor-id=\"1825\" class=\"elementor elementor-1825\" data-elementor-post-type=\"page\">\n\t\t\t\t\t\t<section class=\"has_ae_slider elementor-section elementor-top-section elementor-element elementor-element-d87f4cc elementor-section-height-min-height elementor-section-boxed elementor-section-height-default elementor-section-items-middle ae-bg-gallery-type-default\" data-id=\"d87f4cc\" data-element_type=\"section\" data-e-type=\"section\" data-settings=\"{&quot;background_background&quot;:&quot;classic&quot;}\">\n\t\t\t\t\t\t\t<div class=\"elementor-background-overlay\"><\/div>\n\t\t\t\t\t\t\t<div class=\"elementor-container elementor-column-gap-default\">\n\t\t\t\t\t<div class=\"has_ae_slider elementor-column elementor-col-100 elementor-top-column elementor-element elementor-element-d1f6271 ae-bg-gallery-type-default\" data-id=\"d1f6271\" data-element_type=\"column\" data-e-type=\"column\">\n\t\t\t<div class=\"elementor-widget-wrap elementor-element-populated\">\n\t\t\t\t\t\t<section class=\"has_ae_slider elementor-section elementor-inner-section elementor-element elementor-element-ed51dbc elementor-section-boxed elementor-section-height-default elementor-section-height-default ae-bg-gallery-type-default\" data-id=\"ed51dbc\" data-element_type=\"section\" data-e-type=\"section\">\n\t\t\t\t\t\t<div class=\"elementor-container elementor-column-gap-default\">\n\t\t\t\t\t<div class=\"has_ae_slider elementor-column elementor-col-50 elementor-inner-column elementor-element elementor-element-a883bb2 ae-bg-gallery-type-default\" data-id=\"a883bb2\" data-element_type=\"column\" data-e-type=\"column\">\n\t\t\t<div class=\"elementor-widget-wrap elementor-element-populated\">\n\t\t\t\t\t\t<div class=\"elementor-element elementor-element-040f508 elementor-widget elementor-widget-heading\" data-id=\"040f508\" data-element_type=\"widget\" data-e-type=\"widget\" data-widget_type=\"heading.default\">\n\t\t\t\t<div class=\"elementor-widget-container\">\n\t\t\t\t\t<span class=\"elementor-heading-title elementor-size-default\"><span class=\"avenir-black\">SEMPRE TEM<\/span><br \/>\nUM REPRESENTANTE <span class=\"avenir-black\">HC<\/span><br \/>\nPERTO DE VOC\u00ca<\/span>\t\t\t\t<\/div>\n\t\t\t\t<\/div>\n\t\t\t\t\t<\/div>\n\t\t<\/div>\n\t\t\t\t<div class=\"has_ae_slider elementor-column elementor-col-50 elementor-inner-column elementor-element elementor-element-d05688c ae-bg-gallery-type-default\" data-id=\"d05688c\" data-element_type=\"column\" data-e-type=\"column\">\n\t\t\t<div class=\"elementor-widget-wrap\">\n\t\t\t\t\t\t\t<\/div>\n\t\t<\/div>\n\t\t\t\t\t<\/div>\n\t\t<\/section>\n\t\t\t\t\t<\/div>\n\t\t<\/div>\n\t\t\t\t\t<\/div>\n\t\t<\/section>\n\t\t\t\t<section class=\"has_ae_slider elementor-section elementor-top-section elementor-element elementor-element-c0d0110 elementor-section-boxed elementor-section-height-default elementor-section-height-default ae-bg-gallery-type-default\" data-id=\"c0d0110\" data-element_type=\"section\" data-e-type=\"section\" data-settings=\"{&quot;background_background&quot;:&quot;classic&quot;}\">\n\t\t\t\t\t\t<div class=\"elementor-container elementor-column-gap-default\">\n\t\t\t\t\t<div class=\"has_ae_slider elementor-column elementor-col-100 elementor-top-column elementor-element elementor-element-86a016b ae-bg-gallery-type-default\" data-id=\"86a016b\" data-element_type=\"column\" data-e-type=\"column\">\n\t\t\t<div class=\"elementor-widget-wrap elementor-element-populated\">\n\t\t\t\t\t\t<section class=\"has_ae_slider elementor-section elementor-inner-section elementor-element elementor-element-608b324 elementor-section-height-min-height elementor-section-boxed elementor-section-height-default ae-bg-gallery-type-default\" data-id=\"608b324\" data-element_type=\"section\" data-e-type=\"section\" data-settings=\"{&quot;background_background&quot;:&quot;classic&quot;}\">\n\t\t\t\t\t\t<div class=\"elementor-container elementor-column-gap-default\">\n\t\t\t\t\t<div class=\"has_ae_slider elementor-column elementor-col-50 elementor-inner-column elementor-element elementor-element-6d455d1 ae-bg-gallery-type-default\" data-id=\"6d455d1\" data-element_type=\"column\" data-e-type=\"column\">\n\t\t\t<div class=\"elementor-widget-wrap elementor-element-populated\">\n\t\t\t\t\t\t<div class=\"elementor-element elementor-element-d533a0b elementor-widget elementor-widget-text-editor\" data-id=\"d533a0b\" data-element_type=\"widget\" data-e-type=\"widget\" data-widget_type=\"text-editor.default\">\n\t\t\t\t<div class=\"elementor-widget-container\">\n\t\t\t\t\t\t\t\t\t<p>Atrav\u00e9s dos representantes, a HC Hornburg est\u00e1 presente em v\u00e1rios estados do Brasil e em outros pa\u00edses da Am\u00e9rica Latina. Voc\u00ea encontra profissionais especializados para lhe dar o suporte em 14 estados brasileiros.<\/p><p>Escolha seu estado, clicando nas abas abaixo e encontre informa\u00e7\u00f5es sobre o representante que atende a sua regi\u00e3o.<\/p>\t\t\t\t\t\t\t\t<\/div>\n\t\t\t\t<\/div>\n\t\t\t\t<div class=\"elementor-element elementor-element-e29af7d elementor-widget elementor-widget-heading\" data-id=\"e29af7d\" data-element_type=\"widget\" data-e-type=\"widget\" data-widget_type=\"heading.default\">\n\t\t\t\t<div class=\"elementor-widget-container\">\n\t\t\t\t\t<h2 class=\"elementor-heading-title elementor-size-default\">Encontre um<br><span class=\"avenir-black\">Representante<br><\/span><\/h2>\t\t\t\t<\/div>\n\t\t\t\t<\/div>\n\t\t\t\t<div class=\"elementor-element elementor-element-734fdb1 elementor-widget elementor-widget-spacer\" data-id=\"734fdb1\" data-element_type=\"widget\" data-e-type=\"widget\" data-widget_type=\"spacer.default\">\n\t\t\t\t<div class=\"elementor-widget-container\">\n\t\t\t\t\t\t\t<div class=\"elementor-spacer\">\n\t\t\t<div class=\"elementor-spacer-inner\"><\/div>\n\t\t<\/div>\n\t\t\t\t\t\t<\/div>\n\t\t\t\t<\/div>\n\t\t\t\t<div class=\"elementor-element elementor-element-145df5b elementor-widget elementor-widget-shortcode\" data-id=\"145df5b\" data-element_type=\"widget\" data-e-type=\"widget\" data-widget_type=\"shortcode.default\">\n\t\t\t\t<div class=\"elementor-widget-container\">\n\t\t\t\t\t\t\t<div class=\"elementor-shortcode\"><form id='form-pesquisa' class='form-pesquisa' method='post' action='https:\/\/hchornburg.com.br\/blog\/'><select class='select-reppais' name='select-reppais' >\n        <option value='-1'>Pa\u00eds<\/option><option value='15'>Brasil<\/option><option value='16'>Paraguai<\/option><option value='17'>Uruguai<\/option><\/select><select class='select-repestados' name='select-repestados' >\n        <option value='-1'>Estado\/Regi\u00e3o<\/option>\n    <\/select><div sytle='float:left;clear:both;'>&nbsp;<\/div><\/form><\/div>\n\t\t\t\t\t\t<\/div>\n\t\t\t\t<\/div>\n\t\t\t\t<div class=\"elementor-element elementor-element-be07c1c elementor-widget elementor-widget-html\" data-id=\"be07c1c\" data-element_type=\"widget\" data-e-type=\"widget\" data-widget_type=\"html.default\">\n\t\t\t\t<div class=\"elementor-widget-container\">\n\t\t\t\t\t<div id=\"resultados-representantes\">\n    &nbsp;\n<\/div>\t\t\t\t<\/div>\n\t\t\t\t<\/div>\n\t\t\t\t\t<\/div>\n\t\t<\/div>\n\t\t\t\t<div class=\"has_ae_slider elementor-column elementor-col-50 elementor-inner-column elementor-element elementor-element-0aa6d48 ae-bg-gallery-type-default\" data-id=\"0aa6d48\" data-element_type=\"column\" data-e-type=\"column\">\n\t\t\t<div class=\"elementor-widget-wrap elementor-element-populated\">\n\t\t\t\t\t\t<div class=\"elementor-element elementor-element-846f35f elementor-widget elementor-widget-spacer\" data-id=\"846f35f\" data-element_type=\"widget\" data-e-type=\"widget\" data-widget_type=\"spacer.default\">\n\t\t\t\t<div class=\"elementor-widget-container\">\n\t\t\t\t\t\t\t<div class=\"elementor-spacer\">\n\t\t\t<div class=\"elementor-spacer-inner\"><\/div>\n\t\t<\/div>\n\t\t\t\t\t\t<\/div>\n\t\t\t\t<\/div>\n\t\t\t\t\t<\/div>\n\t\t<\/div>\n\t\t\t\t\t<\/div>\n\t\t<\/section>\n\t\t\t\t\t<\/div>\n\t\t<\/div>\n\t\t\t\t\t<\/div>\n\t\t<\/section>\n\t\t\t\t<\/div>\n\t\t","protected":false},"excerpt":{"rendered":"<p>SEMPRE TEM UM REPRESENTANTE HC PERTO DE VOC\u00ca Atrav\u00e9s dos representantes, a HC Hornburg est\u00e1 presente em v\u00e1rios estados do Brasil e em outros pa\u00edses da Am\u00e9rica Latina. Voc\u00ea encontra profissionais especializados para lhe dar o suporte em 14 estados brasileiros. Escolha seu estado, clicando nas abas abaixo e encontre informa\u00e7\u00f5es sobre o representante que&hellip;&nbsp;<a href=\"https:\/\/hchornburg.com.br\/blog\/es\/representantes-es\/\" rel=\"bookmark\">Continue a ler &raquo;<span class=\"screen-reader-text\">Representantes (es translation)<\/span><\/a><\/p>\n","protected":false},"author":1,"featured_media":0,"parent":0,"menu_order":0,"comment_status":"closed","ping_status":"closed","template":"page-templates\/template-pagebuilder-full-width.php","meta":{"_acf_changed":false,"neve_meta_sidebar":"full-width","neve_meta_container":"","neve_meta_enable_content_width":"on","neve_meta_content_width":100,"neve_meta_title_alignment":"","neve_meta_author_avatar":"","neve_post_elements_order":"","neve_meta_disable_header":"","neve_meta_disable_footer":"","neve_meta_disable_title":"","footnotes":""},"class_list":["post-1825","page","type-page","status-publish","hentry"],"acf":[],"yoast_head":"<!-- This site is optimized with the Yoast SEO plugin v27.4 - https:\/\/yoast.com\/product\/yoast-seo-wordpress\/ -->\n<title>Representantes (es translation) - HC Hornburg<\/title>\n<meta name=\"robots\" content=\"index, follow, max-snippet:-1, max-image-preview:large, max-video-preview:-1\" \/>\n<link rel=\"canonical\" href=\"https:\/\/hchornburg.com.br\/blog\/es\/representantes-es\/\" \/>\n<meta property=\"og:locale\" content=\"pt_BR\" \/>\n<meta property=\"og:type\" content=\"article\" \/>\n<meta property=\"og:title\" content=\"Representantes (es translation) - HC Hornburg\" \/>\n<meta property=\"og:description\" content=\"SEMPRE TEM UM REPRESENTANTE HC PERTO DE VOC\u00ca Atrav\u00e9s dos representantes, a HC Hornburg est\u00e1 presente em v\u00e1rios estados do Brasil e em outros pa\u00edses da Am\u00e9rica Latina. Voc\u00ea encontra profissionais especializados para lhe dar o suporte em 14 estados brasileiros. Escolha seu estado, clicando nas abas abaixo e encontre informa\u00e7\u00f5es sobre o representante que&hellip;&nbsp;Continue a ler &raquo;Representantes (es translation)\" \/>\n<meta property=\"og:url\" content=\"https:\/\/hchornburg.com.br\/blog\/es\/representantes-es\/\" \/>\n<meta property=\"og:site_name\" content=\"HC Hornburg\" \/>\n<meta property=\"article:modified_time\" content=\"2022-12-09T13:41:02+00:00\" \/>\n<meta name=\"twitter:card\" content=\"summary_large_image\" \/>\n<meta name=\"twitter:label1\" content=\"Est. tempo de leitura\" \/>\n\t<meta name=\"twitter:data1\" content=\"1 minuto\" \/>\n<script type=\"application\/ld+json\" class=\"yoast-schema-graph\">{\"@context\":\"https:\\\/\\\/schema.org\",\"@graph\":[{\"@type\":\"WebPage\",\"@id\":\"https:\\\/\\\/hchornburg.com.br\\\/blog\\\/es\\\/representantes-es\\\/\",\"url\":\"https:\\\/\\\/hchornburg.com.br\\\/blog\\\/es\\\/representantes-es\\\/\",\"name\":\"Representantes (es translation) - HC Hornburg\",\"isPartOf\":{\"@id\":\"https:\\\/\\\/hchornburg.com.br\\\/blog\\\/#website\"},\"datePublished\":\"2021-08-04T10:50:43+00:00\",\"dateModified\":\"2022-12-09T13:41:02+00:00\",\"breadcrumb\":{\"@id\":\"https:\\\/\\\/hchornburg.com.br\\\/blog\\\/es\\\/representantes-es\\\/#breadcrumb\"},\"inLanguage\":\"pt-BR\",\"potentialAction\":[{\"@type\":\"ReadAction\",\"target\":[\"https:\\\/\\\/hchornburg.com.br\\\/blog\\\/es\\\/representantes-es\\\/\"]}]},{\"@type\":\"BreadcrumbList\",\"@id\":\"https:\\\/\\\/hchornburg.com.br\\\/blog\\\/es\\\/representantes-es\\\/#breadcrumb\",\"itemListElement\":[{\"@type\":\"ListItem\",\"position\":1,\"name\":\"In\u00edcio\",\"item\":\"https:\\\/\\\/hchornburg.com.br\\\/blog\\\/\"},{\"@type\":\"ListItem\",\"position\":2,\"name\":\"Representantes (es translation)\"}]},{\"@type\":\"WebSite\",\"@id\":\"https:\\\/\\\/hchornburg.com.br\\\/blog\\\/#website\",\"url\":\"https:\\\/\\\/hchornburg.com.br\\\/blog\\\/\",\"name\":\"HC Hornburg\",\"description\":\"Carrocerias Frigor\u00edficas\",\"potentialAction\":[{\"@type\":\"SearchAction\",\"target\":{\"@type\":\"EntryPoint\",\"urlTemplate\":\"https:\\\/\\\/hchornburg.com.br\\\/blog\\\/?s={search_term_string}\"},\"query-input\":{\"@type\":\"PropertyValueSpecification\",\"valueRequired\":true,\"valueName\":\"search_term_string\"}}],\"inLanguage\":\"pt-BR\"}]}<\/script>\n<!-- \/ Yoast SEO plugin. -->","yoast_head_json":{"title":"Representantes (es translation) - HC Hornburg","robots":{"index":"index","follow":"follow","max-snippet":"max-snippet:-1","max-image-preview":"max-image-preview:large","max-video-preview":"max-video-preview:-1"},"canonical":"https:\/\/hchornburg.com.br\/blog\/es\/representantes-es\/","og_locale":"pt_BR","og_type":"article","og_title":"Representantes (es translation) - HC Hornburg","og_description":"SEMPRE TEM UM REPRESENTANTE HC PERTO DE VOC\u00ca Atrav\u00e9s dos representantes, a HC Hornburg est\u00e1 presente em v\u00e1rios estados do Brasil e em outros pa\u00edses da Am\u00e9rica Latina. Voc\u00ea encontra profissionais especializados para lhe dar o suporte em 14 estados brasileiros. Escolha seu estado, clicando nas abas abaixo e encontre informa\u00e7\u00f5es sobre o representante que&hellip;&nbsp;Continue a ler &raquo;Representantes (es translation)","og_url":"https:\/\/hchornburg.com.br\/blog\/es\/representantes-es\/","og_site_name":"HC Hornburg","article_modified_time":"2022-12-09T13:41:02+00:00","twitter_card":"summary_large_image","twitter_misc":{"Est. tempo de leitura":"1 minuto"},"schema":{"@context":"https:\/\/schema.org","@graph":[{"@type":"WebPage","@id":"https:\/\/hchornburg.com.br\/blog\/es\/representantes-es\/","url":"https:\/\/hchornburg.com.br\/blog\/es\/representantes-es\/","name":"Representantes (es translation) - HC Hornburg","isPartOf":{"@id":"https:\/\/hchornburg.com.br\/blog\/#website"},"datePublished":"2021-08-04T10:50:43+00:00","dateModified":"2022-12-09T13:41:02+00:00","breadcrumb":{"@id":"https:\/\/hchornburg.com.br\/blog\/es\/representantes-es\/#breadcrumb"},"inLanguage":"pt-BR","potentialAction":[{"@type":"ReadAction","target":["https:\/\/hchornburg.com.br\/blog\/es\/representantes-es\/"]}]},{"@type":"BreadcrumbList","@id":"https:\/\/hchornburg.com.br\/blog\/es\/representantes-es\/#breadcrumb","itemListElement":[{"@type":"ListItem","position":1,"name":"In\u00edcio","item":"https:\/\/hchornburg.com.br\/blog\/"},{"@type":"ListItem","position":2,"name":"Representantes (es translation)"}]},{"@type":"WebSite","@id":"https:\/\/hchornburg.com.br\/blog\/#website","url":"https:\/\/hchornburg.com.br\/blog\/","name":"HC Hornburg","description":"Carrocerias Frigor\u00edficas","potentialAction":[{"@type":"SearchAction","target":{"@type":"EntryPoint","urlTemplate":"https:\/\/hchornburg.com.br\/blog\/?s={search_term_string}"},"query-input":{"@type":"PropertyValueSpecification","valueRequired":true,"valueName":"search_term_string"}}],"inLanguage":"pt-BR"}]}},"_links":{"self":[{"href":"https:\/\/hchornburg.com.br\/blog\/wp-json\/wp\/v2\/pages\/1825","targetHints":{"allow":["GET"]}}],"collection":[{"href":"https:\/\/hchornburg.com.br\/blog\/wp-json\/wp\/v2\/pages"}],"about":[{"href":"https:\/\/hchornburg.com.br\/blog\/wp-json\/wp\/v2\/types\/page"}],"author":[{"embeddable":true,"href":"https:\/\/hchornburg.com.br\/blog\/wp-json\/wp\/v2\/users\/1"}],"replies":[{"embeddable":true,"href":"https:\/\/hchornburg.com.br\/blog\/wp-json\/wp\/v2\/comments?post=1825"}],"version-history":[{"count":1,"href":"https:\/\/hchornburg.com.br\/blog\/wp-json\/wp\/v2\/pages\/1825\/revisions"}],"predecessor-version":[{"id":1826,"href":"https:\/\/hchornburg.com.br\/blog\/wp-json\/wp\/v2\/pages\/1825\/revisions\/1826"}],"wp:attachment":[{"href":"https:\/\/hchornburg.com.br\/blog\/wp-json\/wp\/v2\/media?parent=1825"}],"curies":[{"name":"wp","href":"https:\/\/api.w.org\/{rel}","templated":true}]}}